{"id":2383,"date":"2025-05-05T02:15:26","date_gmt":"2025-05-05T02:15:26","guid":{"rendered":"https:\/\/brighthub.casethemes.net\/?page_id=2383"},"modified":"2025-09-22T14:33:38","modified_gmt":"2025-09-22T14:33:38","slug":"contact","status":"publish","type":"page","link":"https:\/\/www.bakanauskas.lt\/en\/contact\/","title":{"rendered":"Contact"},"content":{"rendered":"<div data-elementor-type=\"wp-page\" data-elementor-id=\"2383\" class=\"elementor elementor-2383\">\n\t\t\t\t<div class=\"elementor-element elementor-element-24364f2 e-flex e-con-boxed e-con e-parent\" data-id=\"24364f2\" data-element_type=\"container\">\t\t\t<div class=\"e-con-inner\">\r\n\t\t<div class=\"elementor-element elementor-element-5eae6b1 e-con-full e-flex e-con e-child\" data-id=\"5eae6b1\" data-element_type=\"container\"><div class=\"elementor-element elementor-element-8d09d3a e-con-full e-flex e-con e-child\" data-id=\"8d09d3a\" data-element_type=\"container\">\t\t<div class=\"elementor-element elementor-element-07683dc elementor-widget elementor-widget-pxl_heading\" data-id=\"07683dc\" data-element_type=\"widget\" data-widget_type=\"pxl_heading.default\">\n\t\t\t\t<div class=\"elementor-widget-container\">\n\t\t\t\t\t\r\n<div id=\"pxl-pxl_heading-07683dc-7845\" class=\"pxl-heading\" data-animation-type=\"df\">\r\n\t<div class=\"pxl-heading__inner\">\r\n\t\t\t\t\t<div class=\"pxl-heading__sub pxl-heading__sub-slogan  pxl-heading__sub-left\" data-wow-delay=\"ms\">\r\n\t\t\t\t\t\t\t\t\t<span class=\"pxl-heading__sub-slogan--bef\">\r\n\t\t\t\t\t\tContact\t\t\t\t\t<\/span>\r\n\t\t\t\t\r\n\t\t\t\t\t\t\t\t\t<span class=\"pxl-heading__sub-slogan--aft\">\r\n\t\t\t\t\t\tLet's start the conversation\t\t\t\t\t<\/span>\r\n\t\t\t\t\t<svg xmlns=\"http:\/\/www.w3.org\/2000\/svg\" width=\"16\" height=\"16\" viewbox=\"0 0 16 16\" fill=\"none\">\r\n\t\t\t\t\t\t<path d=\"M9.62012 3.95312L13.6668 7.99979L9.62012 12.0465\" stroke=\"#181D27\" stroke-width=\"1.33333\" stroke-miterlimit=\"10\" stroke-linecap=\"round\" stroke-linejoin=\"round\"\/>\r\n\t\t\t\t\t\t<path d=\"M2.33398 8H13.554\" stroke=\"#181D27\" stroke-width=\"1.33333\" stroke-miterlimit=\"10\" stroke-linecap=\"round\" stroke-linejoin=\"round\"\/>\r\n\t\t\t\t\t<\/svg>\r\n\t\t\t\t\t\t\t<\/div>\r\n\t\t\t\r\n\t\t<h3 class=\"pxl-heading__title pxl-heading__style-default pxl-heading__highlight-default  df\" data-wow-delay=\"ms\" >\r\n\t\t<span class=\"pxl-heading__text\">\r\n\t\t\t\r\n\t\t\t\t\t\t\tReady for the next step? Get in touch.\t\r\n\t\t\t\t\r\n\t\t\t\r\n\t\t<\/span>\r\n\t\t<\/h3>\r\n\t<\/div>\r\n\t\r\n<\/div>\t\t\t\t<\/div>\n\t\t\t\t<\/div>\n\t\t\t\t<div class=\"elementor-element elementor-element-324f699 elementor-widget elementor-widget-pxl_text_editor\" data-id=\"324f699\" data-element_type=\"widget\" data-widget_type=\"pxl_text_editor.default\">\n\t\t\t\t<div class=\"elementor-widget-container\">\n\t\t\t\t\t<div class=\"pxl-text-editor\">\n\t<div class=\"pxl-text-editor__inner\" data-wow-delay=\"ms\" >\n\t\t<p>From detail to strategy, it all starts with a message.<\/p>\t\t\n\t<\/div>\n<\/div>\t\t\t\t<\/div>\n\t\t\t\t<\/div>\n\t\t<div class=\"elementor-element elementor-element-b032869 e-con-full e-flex e-con e-child\" data-id=\"b032869\" data-element_type=\"container\"><div class=\"elementor-element elementor-element-de435cf e-con-full e-flex e-con e-child\" data-id=\"de435cf\" data-element_type=\"container\">\t\t<div class=\"elementor-element elementor-element-c4e18bc elementor-widget elementor-widget-pxl_heading\" data-id=\"c4e18bc\" data-element_type=\"widget\" data-widget_type=\"pxl_heading.default\">\n\t\t\t\t<div class=\"elementor-widget-container\">\n\t\t\t\t\t\r\n<div id=\"pxl-pxl_heading-c4e18bc-6884\" class=\"pxl-heading\" data-animation-type=\"df\">\r\n\t<div class=\"pxl-heading__inner\">\r\n\t\t\t\r\n\t\t<div class=\"pxl-heading__title pxl-heading__style-default pxl-heading__highlight-default  df\" data-wow-delay=\"ms\" >\r\n\t\t<span class=\"pxl-heading__text\">\r\n\t\t\t\r\n\t\t\t\t\t\t\t<svg width=\"20\" height=\"20\" viewbox=\"0 0 72 72\" fill=\"none\" xmlns=\"http:\/\/www.w3.org\/2000\/svg\" xmlns:xlink=\"http:\/\/www.w3.org\/1999\/xlink\">\n<rect width=\"72\" height=\"72\" fill=\"url(#pattern0_2317_5475)\"\/>\n<defs>\n<pattern id=\"pattern0_2317_5475\" patterncontentunits=\"objectBoundingBox\" width=\"1\" height=\"1\">\n<use xlink:href=\"#image0_2317_5475\" transform=\"scale(0.0138889)\"\/>\n<\/pattern>\n<image id=\"image0_2317_5475\" width=\"72\" height=\"72\" preserveaspectratio=\"none\" xlink:href=\"data:image\/png;base64,iVBORw0KGgoAAAANSUhEUgAAAEgAAABICAMAAABiM0N1AAACl1BMVEUAAADQ0NDR0dH29vbi4uLx8fHu7u7u7u7\/n5bn5+fl5eXn5+fs7Ozh4eHW1tbDTU7FNDHc3NzU1NTj4+Pd3d3\/g4no0dS\/IiPreHvz9vbx6uvg4OD\/g4rgPDTvVk\/zY17Y2NjZ2dnMaWniQDfW1tbBKyvOz8\/gZmfPZmb6jJL+parXhofEHx3R0dH+joXPz8\/\/l43n6OvQ0NDHNjLCKyvf4ubKNDLFWln2iorUSUfjaGjOZ2b8pKPera3MzMz9r67JaGj\/AAD3bGb+ioD+k4j7gXnwWFH\/lY7zYV30ZmD5d3P+lYv+hn77cm\/+i4XkTkv5cnTDODboV1f+k4++LS7b29zyYmf5f4HOzs7\/iY7\/lJbOZ2ff4OL1io7NZ2jg4uTFY2P+pKX\/o6TX19fV1dXY2NjT09Pa2trp6enb29vf39\/d3d3s7Ozj4+PS0tLl5eXu7u7i4uLr6+ve3t7n5+fh4eHt7e3o6On9cWT9cmb9cmf8cGPNzc3Pz8\/8bmL+dWnR0dG8vLzX2uDW2d7CwsL8bGDw8PDIzNHKysrAwMD6aFz5ZlrHy9D+c2f0W0\/U19zU1dfMzMzFxcW5vL+pq637al74ZFfHx8fExMS\/v7\/\/iX3Y29\/Q1NnJzdPDx828vsK+vr6jpKXxV0vb3uLa3eHY3ODV19rM0NXCxcq+wcW0tbWusLSvr6+bm5yPj5D3YVX1X1LW2NzLztO3uby3uLisrbCgoKH\/d2vvU0jRLynd4OTN0dbJycmxsbGnqKqmpqednqCXmJmVlZaQkZL\/in3sT0TqS0HoRz3WMyzUKSTg4+ihoaPlQzrbNi\/QIh\/P0tjKysnFx8jBw8jAwsa5ubn\/gXXZMSvLHhzFyM6JioyDg4P\/jH\/\/in4ohxAxAAAAY3RSTlMAUPIYFM8Qz\/MPwrzOwrwsyMLCvLtSA8E9Fgi8Uv7078K8Jf7CvqZHMRoREP3x5NvYy769tKelkoVvRzUyMC0lHgb7+fj49PDw7+rp0sPBubKxsKmpkm9oWkpINjU0NC8qGhljyDDVAAAGA0lEQVRYw6XYhXfaQBzAcebu7u7u7u7uPpLQJCOMAlPSYR1SSgdtKd3WbnTrpF1l7u7uvj9mv7s0kAzGBnyhwEvuPr13Sfteq4jV9vUdO3ZsBU\/cun4xhk6L5fRfUVfanKUgJdSm+T9\/PYIOC32e2zZBqO28qwck7Zk9PlGoy4HMfZmZmfuE0jonAcF8Edqb1rlPwhAYAgIlC2Ejcah1\/21TJo6ddTWk7IGmj504pV\/\/1nE5axYPHbpg5mGAsIHb93nG4MELF62OR2q\/POMqXPpMUCTt3Ze5N92zZIAijsZ18qft3x8i4ON+KC3d5ekxThFPA0a\/9rjSwRLDTK6\/qNNoWFA8TR355ZofqLS0KgWYjMprr0d0V8RZ917PH1dk5KYjC5T0XJff8\/hZ0yaKuGvS5vnjygxXbm46KLmujArPk2dN+8bvYOmJx5\/hcuW6XC5\/RdHTZ00nJOJg6amnIgPlr0TOhoQYLL15WlRZ4fdXeK69uo7Wk4T0qshTWYmdzYk7WOpxrajocY\/rsM9JtbXX105PnnS63guc5Oo+8uuX19dHNFEk3dSVAwcu6\/5fP+rt2tWIUbtJY8ZMij2iXXvkbBk1rE6tiOqINRQLHYkcO2zURvgdturkix0Hw+3cCU+xXTug1NQduF27du2MWuoLa+\/2inot+eIXqVEH7MLtEBkIjkVxbljfN6upqN2AfG+5kSKfLAqR7UIPWSknLMe4+ghS82dBgolRp6bidvy13Scs2XlqATI4jhXf2B2FiN6fzsV8RoA0aiZwrPgESKny6SkpKfAiLzVFhupPWi5eYtVVK1Jr2fzs4hN6PEg+6x8h55xKqxZXpDbQn7ItJ\/Qp8YWdHKVBq9aIkJYhS7ItJzVRBu+uekRJU2y5GKQYgzq8Iq1BR9xG0u6I9PDEoc966WHNEWv2FaOO0YqQGtIyLJWTbSnW6P875JTdYhmDHDIwLH8n23JEo9Ho0Zce3mKmPmI9dj9Aw4JEqEUVpKONwWPWI2rNf6TGzoN8cGBBMkjLMKzq3UuQ4MS\/01qzzj78RLIMQKhGCMKfDAzD0KTv3tksq+FfCoy2Zn18WKKkddEhHa20lSFJGzODAZwP5ecImgUIJBHCpzDEqoj8so9Z5xnIIA1G4Bih81lnynMoFa0LDcSQOAIgmiTM9z9kndcxMdKdP3qmPMiTaEFiGAqPYEGiLt0\/k3We1eFk83Esy546Wlh+xahUAaSTQh3CIwFSEaaS+2eOnmJDCfND0eA8LHMQJE2zrBySOrSKJPhzDwqPnqKrCgFC4Hx7+MBHkCoMoUJQaM0CpKS8d8thTSqIDqcSOvS28Hu5kwMISxCejCE2FB4PSzI\/CLrfHlLJIlGqQzfd937cNlIA4dWKNcOQ3FFSeZeMthz3zUNkROAES7yX8gACCReGWgKAwww4DrOJJp1IUv7RodP24G2C5swOSgkSUGIYkjuE12zS0Srl8cv202GJQIFz9xwB9yFIBJIgKSTZBuzwwm1gBokiJFGnC+5cptBl15nMXkKJKDEMSR3KaDaCAxBJXEKSpAsFOXc42Bp0pXizl0KLIqUQiRW8HMp4HBwEwRGqpLTgAicyHDh3eRIgLME3BAkooa4YgjCDHAeLEm4D0+1Se4GJw5kKCi6\/NCoxBBTNYolQSqBuWFEKzi3JxivhHi912y+YoAt2e+kVByG9VA4kAYUDqF438bKAkycgOBJLOWfcbrvd7S68c+WdeKWqsFvHjRRQMojATr5PditjqeRl6dnCwrOlZXcd0s3F5QkSsnoiCCsUxUsccdtg+305V+7dKwuaOcnWhqR8IydQCGqMHY53BkgA5Ak757M5OAJtbEQ+LIkQBYFjizJQvKcRA0WeDzhBgpojCDs2G4HPREbgR\/RIwubkORFCTsBGKBOKsNl4jhMgjuN9ToKMOTz6QUEKgCRApjwnBXsBz0SinD5egEy3nByRRJwzz4Qhr40HVwiOh9\/gJbLIo4TJ5kDQ8ICRSjI+MLymon1vL8UlGeWFPyEU1YYMqp5kg4ashf\/7tZ5cLekmt1b8BtmwCFK1dUaXAAAAAElFTkSuQmCC\"\/>\n<\/defs>\n<\/svg>\n El. Email\t\r\n\t\t\t\t\r\n\t\t\t\r\n\t\t<\/span>\r\n\t\t<\/div>\r\n\t<\/div>\r\n\t\r\n<\/div>\t\t\t\t<\/div>\n\t\t\t\t<\/div>\n\t\t\t\t<div class=\"elementor-element elementor-element-86b1c27 elementor-widget elementor-widget-pxl_text_editor\" data-id=\"86b1c27\" data-element_type=\"widget\" data-widget_type=\"pxl_text_editor.default\">\n\t\t\t\t<div class=\"elementor-widget-container\">\n\t\t\t\t\t<div class=\"pxl-text-editor\">\n\t<div class=\"pxl-text-editor__inner\" data-wow-delay=\"ms\" >\n\t\t<p>kastytis@bakanauskas.lt<\/p>\t\t\n\t<\/div>\n<\/div>\t\t\t\t<\/div>\n\t\t\t\t<\/div>\n\t\t\t\t<\/div>\r\n\t\t<div class=\"elementor-element elementor-element-2e10385 e-con-full e-flex e-con e-child\" data-id=\"2e10385\" data-element_type=\"container\">\t\t<div class=\"elementor-element elementor-element-5cd0845 elementor-widget elementor-widget-pxl_heading\" data-id=\"5cd0845\" data-element_type=\"widget\" data-widget_type=\"pxl_heading.default\">\n\t\t\t\t<div class=\"elementor-widget-container\">\n\t\t\t\t\t\r\n<div id=\"pxl-pxl_heading-5cd0845-6452\" class=\"pxl-heading\" data-animation-type=\"df\">\r\n\t<div class=\"pxl-heading__inner\">\r\n\t\t\t\r\n\t\t<div class=\"pxl-heading__title pxl-heading__style-default pxl-heading__highlight-default  df\" data-wow-delay=\"ms\" >\r\n\t\t<span class=\"pxl-heading__text\">\r\n\t\t\t\r\n\t\t\t\t\t\t\t<svg width=\"20\" height=\"20\" viewbox=\"0 0 72 72\" fill=\"none\" xmlns=\"http:\/\/www.w3.org\/2000\/svg\" xmlns:xlink=\"http:\/\/www.w3.org\/1999\/xlink\">\n<rect width=\"72\" height=\"72\" fill=\"url(#pattern0_2317_5679)\"\/>\n<defs>\n<pattern id=\"pattern0_2317_5679\" patterncontentunits=\"objectBoundingBox\" width=\"1\" height=\"1\">\n<use xlink:href=\"#image0_2317_5679\" transform=\"scale(0.0138889)\"\/>\n<\/pattern>\n<image id=\"image0_2317_5679\" width=\"72\" height=\"72\" preserveaspectratio=\"none\" xlink:href=\"data:image\/png;base64,iVBORw0KGgoAAAANSUhEUgAAAEgAAABICAMAAABiM0N1AAACwVBMVEUAAADJysyeoKHX2dqBhIZfY2Z8fX+Gh4mTlZYxMTFFSkxxdHZzdnhFSUtFSUw2NjY6OTk\/Pz9TU1NnaWpgYGE2NjY7OjpKT1JOU1VSVVhgY2VcXFxiYmNmZmZ8fH07PD82NTYyMjJFSk1JTVBQVFhDRUZUWVxQVVhJSUlZXmFiZWdUVVZlaGpzdnh+gYNHS046PD8sLCwtLS0+P0BLUFM+QEQ3NjZAREg3Nzc8PkBOU1ZBQ0VXW11WW11CQUFISktTVllHR0dWW15CQkJKSkpXW19qampJTlA4PUMwNjs2NTU9PkA0NDQ3OTkwMDBMUVQ6OTk\/QEJITlA8PDw1NTVESU4+QEI9PT5RUVFISEhSUlJmamtqb3L\/AAAoKCgnJygwNjtESk5ITE0xMTE0NDVISUpfYmROUlc2NjZPT09kZGVHS05LT1FITE41NDQ8PDxITVBKTlBtbWxESEtGRUVGSk18fX15eXpKTlFDQkKDg4Rzc3NBREc+PT16e3t1dXVubm5lZGRJTU87OzuEhYV3d3dxcXJISEc8QENhYWFLS0tBRkpARUk\/Q0Zra2tTU1NFSUtEREM2NjZpaGhZWFdIS006PkJAQD83NzcuLy9\/f4BwcHBmZmVdXFxXWVxSUVFKSkk+QkVCQUE5PT85ODiBgYFnZ2ZgX19SVVdWVlZVVFRQT09PTk5NTUw\/Pz46OjotLS2CgoN+fn5jY2JeXV1XV1ZDR0pCRkhHR0Y3OT05OToxNTp3eHhpaWlaXF5bW1tOUVRRUFBESU08QEIzMzMwMDArKyqHiIhzdHRiZGZISUtDRUc+QENBQUAuMzgxMjKLjIxqamplZmhaWlmJiYpcXmFgYGBTUlJNT1E9P0A2O0A0OT4zNzwwMTFub3BFR0lDR0k9QkZCQ0QnJydCR0o1NzgsMTVkZmdYWVk5PEI+P0IpBlW\/AAAAa3RSTlMAAwoGF2UPDAj49Csg+e7VuZpOMCn6zsGnfF41Ix0U\/PPw6dezn5qQdnBNRjgmG\/z29u3d083IxMLAuaijk4WEcWxfWlQ8GfPt7Onn593azMm2sKuqo5eQbWJhVjQG+\/Pl4tyxmY6GZF9DLf9CcAQAAAc1SURBVFjDpZhVdxpRFIVpm7q7u7u7u7u76zDY4G4hkOBWIIaFACkSQguladzbNHV3b39FL9XVvhCm+4mnb+2zz7n3ngHzWykT+vcbNab1FAwqHf71o9OyuevkGe+RDqM6Yv5Dbc7OfvbFeIUChCzohJ7Ta\/e0p08RCIEoFPZrZHFLtJxJc40K9s2cejcEqa86bB0GoOT0nG1kX3mMvUvj02GK9MprxUh0MaVsN7JfPS6pv8ssfADBbJvDyF6EqrhlQ9mviDk6njJ0u7gMjkgrjQpUxaXM\/XrD4C7K5FIlt2vvQkJKpVThmDUZRdIbb756nH2HRxXzQrdDbpjisEml6sWtkgYNmPa2QSUj8ahMpqT2\/kuC8IrCWCntMiFpUP+hb9M9RQCUJ+byboO8ha8rHTb2gpRkQUuHvrV6ZEoWLVQolljup5bBaimCKDq3Tt4Rw+rNv56ZyrUUWl7WikHesM1xVb11StIZ2dNyS7NIrGKqhclLvc91g84pFAZgKdmu+cmX9LLrmTwa1VLIzxMrgSXIYED6Jdm4KbM5Gqs3nEWSAFIelS+mudVEGIbUfdskB2o1OmCPFtyT6fisVECS1HFL3hqIQsPrHcmekwOii5p0b1hwJzNOomYpPfgnDQ03bi7DJKnJM\/GMtAL9Qxcpsy61uPhOOgOHw3PwM8EVkGxtzovkdG92kY6UyZKQwo3manOVFne6BSZZTRjGiVvKF1wnkXTZVrz5XU110+aemKQ1ZH4MWFKVPhS4BNmXGk3V72rMTUuBoaS1r3fc0uXs\/PzScjK+KlgTDHadjEGhTn0CwNIj\/T29Kp3hfFFTE6weh0GlcXFLl1ReVUGaX2uuCZo3g5ahtaSxXsrNLUgDlQXNTQtboQOBlPB2cnrBowJyrDpYjfuwFINSKfOd34srJ5vML0z4J+DAotSqYaKLZN+jco2pyWS\/ceME6gWg5Wgth2HNVUVjH540CA3IWNSWLnR1+snlelX0ic2AJRq6HMSg1YFhIruvVBAWKhAsVkgZeQh1cd21HPJlEk9GiRgASd0X9XYzqI\/pYrqASitBMoRYolDdLwUtqceGAEPFZ\/LckSsELBHuPLYtSlCLcb3xZD1PLCmTI8Q4qX87tAsgiCktm8ZU0uUVWEDqMB7tEAzupvVbZdTCu0I5BZCgLq1boCQN7OoEgVvy6ilyKE4asaIF6sBjjZd0eaEH6oz\/I7VYPixgL1cWckuQOIkAoya1W9JexHjEZ9Jyrvz0BHJC2TocXuPNZBb\/JMFdxqOcgjU7AemyhJn6i9ShP8rJHNQNhydfZolTc5CfpLEp\/0Y5JKU5m0GveYCkZ4mL4yR6fMb7\/fU6tV09tu\/WUeObcap7btNy4iRwgOUVdCxdSOk76c81MXHhujcIBE2dNX5K4sHso8WTQU7cBxR5BQFLJ1BGDvgRebvVo9dfe5oBEwgEaGrfCe2aQ9J4+UyqDJIjcRLUZcyhlq3arN5z7OO1508zAOeKw6buMqZjQtI20LtHykLLJ7r8PUQHpIrjO3bPX3\/rFgA9ewMcIQ51xAbPat02UU7zcCJGuc6Sd71MLq+AoIoM6bNbt25du\/bxucNolMMEWEGptNkqOyzqmah33XAi+6WsEPOlO0Mhl78xPrsGOM+vXv3AFrrp7ylEOlsqVbAjyMhEpgbtxAUafTKuuC6n4o3U+PTZNYBx3Lxx49VdbnE9toIAIxG2TXqTvXZMpwQz3r197KI1nCrm1pdlSL9cvRrHNJSVFF1n3q4tfkCA6JBRIa1UR+AFCTJvs2S4yZ92jyVmSkpAITfZDY9Vnx+SqCEJ7f5tUDKFAMFsBVSJwKNSEtwFyzeB0fTwmbXcevfjMs+9kocCUmooL4\/Ft9yvpdbTITolErnKpq89mOh+6tEVjEGui2up0wkEWVlZLhJYorlUC41UJ64tlORABCwBIhKnnkk85PHm+bLBonrnus7luk7KlLB4YCEPsZQ0MZP7qQwMGZFoWNSMF6F7b6c\/WqAPP5QVFQlcujskfuZ3FE1JouZx+TkEAhZrWIxJrLbjNmnx9qgv16MvDefLBFk65Q8UVwICq7uT06AmNutbCgQ1BxfwM6Lpl3K9l+9l5xfFUaDCOh5LkF0k80RFnJk9m3nX7RmuFfkZ5DTA8nz+gSLx+XySUpabpsHjqhY29wuo7cquOCfe36iJWn3lXn1pvEKXyyWQlarIpupg+x5J\/BHTfTguJuJcBLZ85SpQYTg\/P1x6uSD6BGzm29sk81D16NYe5xTh\/XZNvEKV57LHm5uu4TirgjMmJvnRsn9Oe5wpgP9uy+rz+azkRryzynxkSaukt4zlc9o3aWMiwLIzGIxGTsBUZX63awiaV29\/t+EvcKZYQAQUM+GazO9ODkL5FJ\/f27V9dRMOqOqFueboqcEYtGoxeNXeeVtmTJ8+fcaWXat+XY+H0bGG9Jq48tzKib1+D+I3NCaEfWhrlzIAAAAASUVORK5CYII=\"\/>\n<\/defs>\n<\/svg>\nCall\t\r\n\t\t\t\t\r\n\t\t\t\r\n\t\t<\/span>\r\n\t\t<\/div>\r\n\t<\/div>\r\n\t\r\n<\/div>\t\t\t\t<\/div>\n\t\t\t\t<\/div>\n\t\t\t\t<div class=\"elementor-element elementor-element-b4e0ddb elementor-widget elementor-widget-pxl_text_editor\" data-id=\"b4e0ddb\" data-element_type=\"widget\" data-widget_type=\"pxl_text_editor.default\">\n\t\t\t\t<div class=\"elementor-widget-container\">\n\t\t\t\t\t<div class=\"pxl-text-editor\">\n\t<div class=\"pxl-text-editor__inner\" data-wow-delay=\"ms\" >\n\t\t+370 6 340 3739\t\t\n\t<\/div>\n<\/div>\t\t\t\t<\/div>\n\t\t\t\t<\/div>\n\t\t\t\t<\/div>\r\n\t\t\t\t<\/div>\r\n\t\t\t\t<\/div>\r\n\t\t\t\t<\/div>\r\n\t\t<div class=\"elementor-element elementor-element-0180271 e-con-full e-flex e-con e-child\" data-id=\"0180271\" data-element_type=\"container\">\t\t<div class=\"elementor-element elementor-element-b3ea6a3 elementor-widget elementor-widget-pxl_contact_form\" data-id=\"b3ea6a3\" data-element_type=\"widget\" data-widget_type=\"pxl_contact_form.default\">\n\t\t\t\t<div class=\"elementor-widget-container\">\n\t\t\t\t\t    <div class=\"pxl-cf7 pxl-cf7__style-1 pxl-cf7__default pxl-cf7__btn-auto\" data-wow-delay=\"ms\" >\r\n        \n<div class=\"wpcf7 no-js\" id=\"wpcf7-f2419-o1\" lang=\"en-US\" dir=\"ltr\" data-wpcf7-id=\"2419\">\n<div class=\"screen-reader-response\"><p role=\"status\" aria-live=\"polite\" aria-atomic=\"true\"><\/p> <ul><\/ul><\/div>\n<form action=\"\/en\/wp-json\/wp\/v2\/pages\/2383#wpcf7-f2419-o1\" method=\"post\" class=\"wpcf7-form init\" aria-label=\"Contact form\" novalidate=\"novalidate\" data-status=\"init\" data-trp-original-action=\"\/en\/wp-json\/wp\/v2\/pages\/2383#wpcf7-f2419-o1\">\n<fieldset class=\"hidden-fields-container\"><input type=\"hidden\" name=\"_wpcf7\" value=\"2419\" \/><input type=\"hidden\" name=\"_wpcf7_version\" value=\"6.1.1\" \/><input type=\"hidden\" name=\"_wpcf7_locale\" value=\"en_US\" \/><input type=\"hidden\" name=\"_wpcf7_unit_tag\" value=\"wpcf7-f2419-o1\" \/><input type=\"hidden\" name=\"_wpcf7_container_post\" value=\"0\" \/><input type=\"hidden\" name=\"_wpcf7_posted_data_hash\" value=\"\" \/>\n<\/fieldset>\n<div class=\"pxl-cf7__wrap container\">\n    <div class=\"input-filled row\">\n        <div class=\"input-filled col-xl-6 col-lg-6 col-md-6 col-sm-6 col-xs-12\">\n            <label>Name<\/label>\n            <span class=\"wpcf7-form-control-wrap\" data-name=\"your-name\"><input size=\"40\" maxlength=\"400\" class=\"wpcf7-form-control wpcf7-text wpcf7-validates-as-required\" aria-required=\"true\" aria-invalid=\"false\" placeholder=\"Enter your name\" value=\"\" type=\"text\" name=\"your-name\" \/><\/span>\n        <\/div>\n        <div class=\"input-filled col-xl-6 col-lg-6 col-md-6 col-sm-6 col-xs-12\">\n            <label>Tel. Number<\/label>\n            <span class=\"wpcf7-form-control-wrap\" data-name=\"your-phone\"><input size=\"40\" maxlength=\"400\" class=\"wpcf7-form-control wpcf7-text wpcf7-validates-as-required\" id=\"your-phone\" aria-required=\"true\" aria-invalid=\"false\" placeholder=\"+370 6 000 0000\" value=\"\" type=\"text\" name=\"your-phone\" \/><\/span>\n        <\/div>\n        <div class=\"input-filled col-xl-12 col-lg-12 col-md-12 col-sm-12 col-xs-12\">\n            <label>El. Email<\/label>\n            <span class=\"wpcf7-form-control-wrap\" data-name=\"your-mail\"><input size=\"40\" maxlength=\"400\" class=\"wpcf7-form-control wpcf7-email wpcf7-validates-as-required wpcf7-text wpcf7-validates-as-email\" aria-required=\"true\" aria-invalid=\"false\" placeholder=\"Enter your email address\" value=\"\" type=\"email\" name=\"your-mail\" \/><\/span>\n        <\/div>\n        <div class=\"input-filled col-xl-21 col-lg-12 col-md-12 col-sm-12 col-xs-12\">\n            <label>Subject<\/label>\n            <span class=\"wpcf7-form-control-wrap\" data-name=\"your-option\"><input size=\"40\" maxlength=\"400\" class=\"wpcf7-form-control wpcf7-text\" aria-invalid=\"false\" placeholder=\"Add a topic\" value=\"\" type=\"text\" name=\"your-option\" \/><\/span>\n        <\/div>\n        <div class=\"input-filled col-xl-12 col-lg-12 col-md-12 col-sm-12 col-xs-12\">\n            <label>Message to<\/label>\n            <span class=\"wpcf7-form-control-wrap\" data-name=\"your-mess\"><textarea cols=\"40\" rows=\"10\" maxlength=\"2000\" class=\"wpcf7-form-control wpcf7-textarea wpcf7-validates-as-required\" aria-required=\"true\" aria-invalid=\"false\" placeholder=\"Post it here - your competitors won&#039;t see it.\" name=\"your-mess\"><\/textarea><\/span>\n        <\/div>\n        <span id=\"wpcf7-69e91af3ba32b-wrapper\" class=\"wpcf7-form-control-wrap website-129-wrap\" style=\"display:none !important; visibility:hidden !important;\"><label for=\"wpcf7-69e91af3ba32b-field\" class=\"hp-message\">Please leave this field empty.<\/label><input id=\"wpcf7-69e91af3ba32b-field\"  placeholder=\"www.\"  class=\"wpcf7-form-control wpcf7-text\" type=\"text\" name=\"website-129\" value=\"\" size=\"40\" tabindex=\"-1\" autocomplete=\"new-password\" \/><\/span>\n        <div class=\"input-filled col-xl-12 col-lg-12 col-md-12 col-sm-12 col-xs-12\">\n            <button type=\"submit\" class=\"wpcf7-submit btn btn-primary btn-block btn-glossy\">Send Message<\/button>\n        <\/div>\n    <\/div>\n<\/div><div class=\"wpcf7-response-output\" aria-hidden=\"true\"><\/div>\n<input type=\"hidden\" name=\"trp-form-language\" value=\"en\"\/><\/form>\n<\/div>\n    <\/div>\r\n\t\t\t\t<\/div>\n\t\t\t\t<\/div>\n\t\t\t\t<\/div>\r\n\t\t\t\t\t<\/div>\r\n\t\t\t\t<\/div>\r\n\t\t\t\t<\/div>","protected":false},"excerpt":{"rendered":"<p>Kontaktai Prad\u0117kim pokalb\u012f Pasiruo\u0161\u0119s kitam \u017eingsniui? Susisiek. Nuo smulkmenos iki strategijos \u2013 viskas prasideda nuo \u017einut\u0117s. El. Pa\u0161tas kastytis@bakanauskas.lt Paskambink +370 6 340 3739 VardasTel. NumerisEl. Pa\u0161tasTemaGeneral InquirySaasContribution\u017dinut\u0117Si\u0173sti \u017dinut\u0119<\/p>","protected":false},"author":3,"featured_media":0,"parent":0,"menu_order":0,"comment_status":"closed","ping_status":"closed","template":"","meta":{"footnotes":""},"class_list":["post-2383","page","type-page","status-publish","hentry"],"yoast_head":"<!-- This site is optimized with the Yoast SEO plugin v26.0 - https:\/\/yoast.com\/wordpress\/plugins\/seo\/ -->\n<title>Pasiruo\u0161\u0119s kitam \u017eingsniui? Susisiek!<\/title>\n<meta name=\"description\" content=\"Turite klausim\u0173 d\u0117l SEO paslaug\u0173 ar augimo strategijos? Ra\u0161ykite, pad\u0117siu rasti tinkamiausi\u0105 sprendim\u0105 j\u016bs\u0173 verslui.\" \/>\n<meta name=\"robots\" content=\"index, follow, max-snippet:-1, max-image-preview:large, max-video-preview:-1\" \/>\n<link rel=\"canonical\" href=\"https:\/\/www.bakanauskas.lt\/en\/contact\/\" \/>\n<meta property=\"og:locale\" content=\"en_US\" \/>\n<meta property=\"og:type\" content=\"article\" \/>\n<meta property=\"og:title\" content=\"Pasiruo\u0161\u0119s kitam \u017eingsniui? Susisiek!\" \/>\n<meta property=\"og:description\" content=\"Turite klausim\u0173 d\u0117l SEO paslaug\u0173 ar augimo strategijos? Ra\u0161ykite, pad\u0117siu rasti tinkamiausi\u0105 sprendim\u0105 j\u016bs\u0173 verslui.\" \/>\n<meta property=\"og:url\" content=\"https:\/\/www.bakanauskas.lt\/en\/contact\/\" \/>\n<meta property=\"og:site_name\" content=\"Bakanauskas.lt\" \/>\n<meta property=\"article:modified_time\" content=\"2025-09-22T14:33:38+00:00\" \/>\n<meta name=\"twitter:card\" content=\"summary_large_image\" \/>\n<meta name=\"twitter:label1\" content=\"Est. reading time\" \/>\n\t<meta name=\"twitter:data1\" content=\"1 minute\" \/>\n<script type=\"application\/ld+json\" class=\"yoast-schema-graph\">{\"@context\":\"https:\/\/schema.org\",\"@graph\":[{\"@type\":\"WebPage\",\"@id\":\"https:\/\/www.bakanauskas.lt\/kontaktai\/\",\"url\":\"https:\/\/www.bakanauskas.lt\/kontaktai\/\",\"name\":\"Pasiruo\u0161\u0119s kitam \u017eingsniui? Susisiek!\",\"isPartOf\":{\"@id\":\"https:\/\/www.bakanauskas.lt\/#website\"},\"datePublished\":\"2025-05-05T02:15:26+00:00\",\"dateModified\":\"2025-09-22T14:33:38+00:00\",\"description\":\"Turite klausim\u0173 d\u0117l SEO paslaug\u0173 ar augimo strategijos? Ra\u0161ykite, pad\u0117siu rasti tinkamiausi\u0105 sprendim\u0105 j\u016bs\u0173 verslui.\",\"breadcrumb\":{\"@id\":\"https:\/\/www.bakanauskas.lt\/kontaktai\/#breadcrumb\"},\"inLanguage\":\"en-US\",\"potentialAction\":[{\"@type\":\"ReadAction\",\"target\":[\"https:\/\/www.bakanauskas.lt\/kontaktai\/\"]}]},{\"@type\":\"BreadcrumbList\",\"@id\":\"https:\/\/www.bakanauskas.lt\/kontaktai\/#breadcrumb\",\"itemListElement\":[{\"@type\":\"ListItem\",\"position\":1,\"name\":\"Home\",\"item\":\"https:\/\/www.bakanauskas.lt\/\"},{\"@type\":\"ListItem\",\"position\":2,\"name\":\"Kontaktai\"}]},{\"@type\":\"WebSite\",\"@id\":\"https:\/\/www.bakanauskas.lt\/#website\",\"url\":\"https:\/\/www.bakanauskas.lt\/\",\"name\":\"Bakanauskas.lt\",\"description\":\"\",\"potentialAction\":[{\"@type\":\"SearchAction\",\"target\":{\"@type\":\"EntryPoint\",\"urlTemplate\":\"https:\/\/www.bakanauskas.lt\/?s={search_term_string}\"},\"query-input\":{\"@type\":\"PropertyValueSpecification\",\"valueRequired\":true,\"valueName\":\"search_term_string\"}}],\"inLanguage\":\"en-US\"}]}<\/script>\n<!-- \/ Yoast SEO plugin. -->","yoast_head_json":{"title":"Ready for the next step? Get in touch!","description":"Questions about SEO services or growth strategy? Contact me and I'll help you find the right solution for your business.","robots":{"index":"index","follow":"follow","max-snippet":"max-snippet:-1","max-image-preview":"max-image-preview:large","max-video-preview":"max-video-preview:-1"},"canonical":"https:\/\/www.bakanauskas.lt\/en\/contact\/","og_locale":"en_US","og_type":"article","og_title":"Pasiruo\u0161\u0119s kitam \u017eingsniui? Susisiek!","og_description":"Turite klausim\u0173 d\u0117l SEO paslaug\u0173 ar augimo strategijos? Ra\u0161ykite, pad\u0117siu rasti tinkamiausi\u0105 sprendim\u0105 j\u016bs\u0173 verslui.","og_url":"https:\/\/www.bakanauskas.lt\/en\/contact\/","og_site_name":"Bakanauskas.lt","article_modified_time":"2025-09-22T14:33:38+00:00","twitter_card":"summary_large_image","twitter_misc":{"Est. reading time":"1 minute"},"schema":{"@context":"https:\/\/schema.org","@graph":[{"@type":"WebPage","@id":"https:\/\/www.bakanauskas.lt\/kontaktai\/","url":"https:\/\/www.bakanauskas.lt\/kontaktai\/","name":"Ready for the next step? Get in touch!","isPartOf":{"@id":"https:\/\/www.bakanauskas.lt\/#website"},"datePublished":"2025-05-05T02:15:26+00:00","dateModified":"2025-09-22T14:33:38+00:00","description":"Questions about SEO services or growth strategy? Contact me and I'll help you find the right solution for your business.","breadcrumb":{"@id":"https:\/\/www.bakanauskas.lt\/kontaktai\/#breadcrumb"},"inLanguage":"en-US","potentialAction":[{"@type":"ReadAction","target":["https:\/\/www.bakanauskas.lt\/kontaktai\/"]}]},{"@type":"BreadcrumbList","@id":"https:\/\/www.bakanauskas.lt\/kontaktai\/#breadcrumb","itemListElement":[{"@type":"ListItem","position":1,"name":"Home","item":"https:\/\/www.bakanauskas.lt\/"},{"@type":"ListItem","position":2,"name":"Kontaktai"}]},{"@type":"WebSite","@id":"https:\/\/www.bakanauskas.lt\/#website","url":"https:\/\/www.bakanauskas.lt\/","name":"Bakanauskas.lt","description":"","potentialAction":[{"@type":"SearchAction","target":{"@type":"EntryPoint","urlTemplate":"https:\/\/www.bakanauskas.lt\/?s={search_term_string}"},"query-input":{"@type":"PropertyValueSpecification","valueRequired":true,"valueName":"search_term_string"}}],"inLanguage":"en-US"}]}},"_links":{"self":[{"href":"https:\/\/www.bakanauskas.lt\/en\/wp-json\/wp\/v2\/pages\/2383","targetHints":{"allow":["GET"]}}],"collection":[{"href":"https:\/\/www.bakanauskas.lt\/en\/wp-json\/wp\/v2\/pages"}],"about":[{"href":"https:\/\/www.bakanauskas.lt\/en\/wp-json\/wp\/v2\/types\/page"}],"author":[{"embeddable":true,"href":"https:\/\/www.bakanauskas.lt\/en\/wp-json\/wp\/v2\/users\/3"}],"replies":[{"embeddable":true,"href":"https:\/\/www.bakanauskas.lt\/en\/wp-json\/wp\/v2\/comments?post=2383"}],"version-history":[{"count":149,"href":"https:\/\/www.bakanauskas.lt\/en\/wp-json\/wp\/v2\/pages\/2383\/revisions"}],"predecessor-version":[{"id":15094,"href":"https:\/\/www.bakanauskas.lt\/en\/wp-json\/wp\/v2\/pages\/2383\/revisions\/15094"}],"wp:attachment":[{"href":"https:\/\/www.bakanauskas.lt\/en\/wp-json\/wp\/v2\/media?parent=2383"}],"curies":[{"name":"wp","href":"https:\/\/api.w.org\/{rel}","templated":true}]}}